{"id":45,"date":"2026-02-17T13:08:07","date_gmt":"2026-02-17T13:08:07","guid":{"rendered":"https:\/\/toja.hr\/?page_id=45"},"modified":"2026-02-23T11:05:25","modified_gmt":"2026-02-23T11:05:25","slug":"o-meni-2","status":"publish","type":"page","link":"https:\/\/toja.hr\/index.php\/o-meni-2\/","title":{"rendered":"O meni"},"content":{"rendered":"\n<p>Bok! Ja sam <strong>Antonija Rimani\u0107<\/strong>, magistra psihologije i osniva\u010dica obrta TOJA.<\/p>\n\n\n\n<p class=\"has-text-align-left\">Vjerujem da se nitko ne bi trebao osje\u0107ati usamljeno u svojim najte\u017eim trenucima. Smatram da proces promjene po\u010dinje onog trenutka kada osjetite da vas netko doista \u010duje. Moja misija je stvoriti siguran prostor u kojem te\u0161ki trenuci postaju prilike za rast, a anksioznost prestaje upravljati va\u0161im \u017eivotom. Prostor u kojem se osje\u0107ate vi\u0111eno i \u010duto \u2013 bilo da se borite s unutarnjim nemirima, tra\u017eite put prema boljoj verziji sebe ili plovite kroz slo\u017eene obiteljske odnose.<\/p>\n\n\n\n<p class=\"has-text-align-left\">Kao psihologinja, u radu se primarno oslanjam na kognitivno-bihevioralnu terapiju (KBT). Trenutno zavr\u0161avam drugi stupanj edukacije, \u0161to mi omogu\u0107uje da klijentima pru\u017eim konkretne alate za rad na sebi.<\/p>\n\n\n\n<p>Moja vrata su otvorena za djecu, adolescente i odrasle, s posebnim naglaskom na:<\/p>\n\n\n\n<ul class=\"wp-block-list\">\n<li>Anksioznost i raspolo\u017eenje: Pomo\u0107 kod pani\u010dnih napada, socijalne anksioznosti, stalne zabrinutosti i depresivnih stanja.<\/li>\n\n\n\n<li>Osobni razvoj: Ja\u010danje samopouzdanja i suo\u010davanje sa \u017eivotnim krizama.<\/li>\n\n\n\n<li>Partnersko savjetovanje: Unapre\u0111enje komunikacije i dublje razumijevanje potreba u vezi.<\/li>\n<\/ul>\n\n\n\n<p>Prije pokretanja TOJE, provela sam pet godina rade\u0107i u Zavodu za socijalni rad. To iskustvo mi je dalo dubok uvid u ljudsku otpornost, ali i specifi\u010dna znanja u savjetovanju roditelja i djece tijekom procesa razvoda. Znam koliko ti trenuci mogu biti preplavljuju\u0107i. Zato nudim podr\u0161ku koja je stru\u010dna, ali prije svega \u2013 ljudska. Razumijem sustav, ali fokus stavljam na osobu, poma\u017eu\u0107i vam da kroz velike \u017eivotne promjene pro\u0111ete \u0161to mirnije.<\/p>\n\n\n\n<p><strong>Za\u0161to TOJA?<\/strong><\/p>\n\n\n\n<p class=\"has-black-color has-text-color has-link-color wp-elements-5246d2706d1fc4fa3634202ad41554c3\">Naziv TOJA simbolizira ideju da svatko od nas ima resurse za promjenu, samo ponekad trebamo suputnika koji \u0107e zajedno sa nama navijati za nas. <\/p>\n\n\n\n<blockquote class=\"wp-block-quote is-layout-flow wp-block-quote-is-layout-flow\">\n<p><em>&#8220;Nije cilj samo pre\u017eivjeti te\u0161ke dane, ve\u0107 nau\u010diti kako u njima ponovno prona\u0107i sebe.&#8221;<\/em><\/p>\n<\/blockquote>\n\n\n\n<p><\/p>\n","protected":false},"excerpt":{"rendered":"<p>Bok! Ja sam Antonija Rimani\u0107, magistra psihologije i osniva\u010dica obrta TOJA. Vjerujem da se nitko ne bi trebao osje\u0107ati usamljeno u svojim najte\u017eim trenucima. Smatram da proces promjene po\u010dinje onog trenutka kada osjetite da vas netko doista \u010duje. Moja misija je stvoriti siguran prostor u kojem te\u0161ki trenuci postaju prilike za rast, a anksioznost prestaje [&hellip;]<\/p>\n","protected":false},"author":1,"featured_media":0,"parent":0,"menu_order":0,"comment_status":"closed","ping_status":"closed","template":"template-full-width.php","meta":{"footnotes":""},"class_list":["post-45","page","type-page","status-publish","hentry"],"yoast_head":"<!-- This site is optimized with the Yoast SEO plugin v27.3 - https:\/\/yoast.com\/product\/yoast-seo-wordpress\/ -->\n<title>O meni - savjetovanje i edukacije<\/title>\n<meta name=\"robots\" content=\"index, follow, max-snippet:-1, max-image-preview:large, max-video-preview:-1\" \/>\n<link rel=\"canonical\" href=\"https:\/\/toja.hr\/index.php\/o-meni-2\/\" \/>\n<meta property=\"og:locale\" content=\"hr_HR\" \/>\n<meta property=\"og:type\" content=\"article\" \/>\n<meta property=\"og:title\" content=\"O meni - savjetovanje i edukacije\" \/>\n<meta property=\"og:description\" content=\"Bok! Ja sam Antonija Rimani\u0107, magistra psihologije i osniva\u010dica obrta TOJA. Vjerujem da se nitko ne bi trebao osje\u0107ati usamljeno u svojim najte\u017eim trenucima. Smatram da proces promjene po\u010dinje onog trenutka kada osjetite da vas netko doista \u010duje. Moja misija je stvoriti siguran prostor u kojem te\u0161ki trenuci postaju prilike za rast, a anksioznost prestaje [&hellip;]\" \/>\n<meta property=\"og:url\" content=\"https:\/\/toja.hr\/index.php\/o-meni-2\/\" \/>\n<meta property=\"og:site_name\" content=\"savjetovanje i edukacije\" \/>\n<meta property=\"article:publisher\" content=\"https:\/\/www.facebook.com\/profile.php?id=61581729150091#\" \/>\n<meta property=\"article:modified_time\" content=\"2026-02-23T11:05:25+00:00\" \/>\n<meta name=\"twitter:card\" content=\"summary_large_image\" \/>\n<meta name=\"twitter:label1\" content=\"Procijenjeno vrijeme \u010ditanja\" \/>\n\t<meta name=\"twitter:data1\" content=\"2 minute\" \/>\n<script type=\"application\/ld+json\" class=\"yoast-schema-graph\">{\"@context\":\"https:\\\/\\\/schema.org\",\"@graph\":[{\"@type\":\"WebPage\",\"@id\":\"https:\\\/\\\/toja.hr\\\/index.php\\\/o-meni-2\\\/\",\"url\":\"https:\\\/\\\/toja.hr\\\/index.php\\\/o-meni-2\\\/\",\"name\":\"O meni - savjetovanje i edukacije\",\"isPartOf\":{\"@id\":\"https:\\\/\\\/toja.hr\\\/#website\"},\"datePublished\":\"2026-02-17T13:08:07+00:00\",\"dateModified\":\"2026-02-23T11:05:25+00:00\",\"breadcrumb\":{\"@id\":\"https:\\\/\\\/toja.hr\\\/index.php\\\/o-meni-2\\\/#breadcrumb\"},\"inLanguage\":\"hr\",\"potentialAction\":[{\"@type\":\"ReadAction\",\"target\":[\"https:\\\/\\\/toja.hr\\\/index.php\\\/o-meni-2\\\/\"]}]},{\"@type\":\"BreadcrumbList\",\"@id\":\"https:\\\/\\\/toja.hr\\\/index.php\\\/o-meni-2\\\/#breadcrumb\",\"itemListElement\":[{\"@type\":\"ListItem\",\"position\":1,\"name\":\"Po\u010detna stranica\",\"item\":\"https:\\\/\\\/toja.hr\\\/\"},{\"@type\":\"ListItem\",\"position\":2,\"name\":\"O meni\"}]},{\"@type\":\"WebSite\",\"@id\":\"https:\\\/\\\/toja.hr\\\/#website\",\"url\":\"https:\\\/\\\/toja.hr\\\/\",\"name\":\"TOJA savjetovanje i edukacije\",\"description\":\"\",\"publisher\":{\"@id\":\"https:\\\/\\\/toja.hr\\\/#organization\"},\"potentialAction\":[{\"@type\":\"SearchAction\",\"target\":{\"@type\":\"EntryPoint\",\"urlTemplate\":\"https:\\\/\\\/toja.hr\\\/?s={search_term_string}\"},\"query-input\":{\"@type\":\"PropertyValueSpecification\",\"valueRequired\":true,\"valueName\":\"search_term_string\"}}],\"inLanguage\":\"hr\"},{\"@type\":\"Organization\",\"@id\":\"https:\\\/\\\/toja.hr\\\/#organization\",\"name\":\"TOJA savjetovanje i edukacije\",\"url\":\"https:\\\/\\\/toja.hr\\\/\",\"logo\":{\"@type\":\"ImageObject\",\"inLanguage\":\"hr\",\"@id\":\"https:\\\/\\\/toja.hr\\\/#\\\/schema\\\/logo\\\/image\\\/\",\"url\":\"https:\\\/\\\/toja.hr\\\/wp-content\\\/uploads\\\/2026\\\/02\\\/cropped-Logo1.png\",\"contentUrl\":\"https:\\\/\\\/toja.hr\\\/wp-content\\\/uploads\\\/2026\\\/02\\\/cropped-Logo1.png\",\"width\":1998,\"height\":1998,\"caption\":\"TOJA savjetovanje i edukacije\"},\"image\":{\"@id\":\"https:\\\/\\\/toja.hr\\\/#\\\/schema\\\/logo\\\/image\\\/\"},\"sameAs\":[\"https:\\\/\\\/www.facebook.com\\\/profile.php?id=61581729150091#\",\"https:\\\/\\\/www.instagram.com\\\/toja.savjetovanje\\\/?fbclid=IwY2xjawQJESVleHRuA2FlbQIxMQBicmlkETJoM0VVQjFPNVlmUXFINjFKc3J0YwZhcHBfaWQBMAABHrZ4XdfO6A2W_OiMklvnN0RcQY5xniqR8iYd4res-Vf8odu1RyuLomGGP7U7_aem_MvzPzBAXADjECFgWWQSdYg\"]}]}<\/script>\n<!-- \/ Yoast SEO plugin. -->","yoast_head_json":{"title":"O meni - savjetovanje i edukacije","robots":{"index":"index","follow":"follow","max-snippet":"max-snippet:-1","max-image-preview":"max-image-preview:large","max-video-preview":"max-video-preview:-1"},"canonical":"https:\/\/toja.hr\/index.php\/o-meni-2\/","og_locale":"hr_HR","og_type":"article","og_title":"O meni - savjetovanje i edukacije","og_description":"Bok! Ja sam Antonija Rimani\u0107, magistra psihologije i osniva\u010dica obrta TOJA. Vjerujem da se nitko ne bi trebao osje\u0107ati usamljeno u svojim najte\u017eim trenucima. Smatram da proces promjene po\u010dinje onog trenutka kada osjetite da vas netko doista \u010duje. Moja misija je stvoriti siguran prostor u kojem te\u0161ki trenuci postaju prilike za rast, a anksioznost prestaje [&hellip;]","og_url":"https:\/\/toja.hr\/index.php\/o-meni-2\/","og_site_name":"savjetovanje i edukacije","article_publisher":"https:\/\/www.facebook.com\/profile.php?id=61581729150091#","article_modified_time":"2026-02-23T11:05:25+00:00","twitter_card":"summary_large_image","twitter_misc":{"Procijenjeno vrijeme \u010ditanja":"2 minute"},"schema":{"@context":"https:\/\/schema.org","@graph":[{"@type":"WebPage","@id":"https:\/\/toja.hr\/index.php\/o-meni-2\/","url":"https:\/\/toja.hr\/index.php\/o-meni-2\/","name":"O meni - savjetovanje i edukacije","isPartOf":{"@id":"https:\/\/toja.hr\/#website"},"datePublished":"2026-02-17T13:08:07+00:00","dateModified":"2026-02-23T11:05:25+00:00","breadcrumb":{"@id":"https:\/\/toja.hr\/index.php\/o-meni-2\/#breadcrumb"},"inLanguage":"hr","potentialAction":[{"@type":"ReadAction","target":["https:\/\/toja.hr\/index.php\/o-meni-2\/"]}]},{"@type":"BreadcrumbList","@id":"https:\/\/toja.hr\/index.php\/o-meni-2\/#breadcrumb","itemListElement":[{"@type":"ListItem","position":1,"name":"Po\u010detna stranica","item":"https:\/\/toja.hr\/"},{"@type":"ListItem","position":2,"name":"O meni"}]},{"@type":"WebSite","@id":"https:\/\/toja.hr\/#website","url":"https:\/\/toja.hr\/","name":"TOJA savjetovanje i edukacije","description":"","publisher":{"@id":"https:\/\/toja.hr\/#organization"},"potentialAction":[{"@type":"SearchAction","target":{"@type":"EntryPoint","urlTemplate":"https:\/\/toja.hr\/?s={search_term_string}"},"query-input":{"@type":"PropertyValueSpecification","valueRequired":true,"valueName":"search_term_string"}}],"inLanguage":"hr"},{"@type":"Organization","@id":"https:\/\/toja.hr\/#organization","name":"TOJA savjetovanje i edukacije","url":"https:\/\/toja.hr\/","logo":{"@type":"ImageObject","inLanguage":"hr","@id":"https:\/\/toja.hr\/#\/schema\/logo\/image\/","url":"https:\/\/toja.hr\/wp-content\/uploads\/2026\/02\/cropped-Logo1.png","contentUrl":"https:\/\/toja.hr\/wp-content\/uploads\/2026\/02\/cropped-Logo1.png","width":1998,"height":1998,"caption":"TOJA savjetovanje i edukacije"},"image":{"@id":"https:\/\/toja.hr\/#\/schema\/logo\/image\/"},"sameAs":["https:\/\/www.facebook.com\/profile.php?id=61581729150091#","https:\/\/www.instagram.com\/toja.savjetovanje\/?fbclid=IwY2xjawQJESVleHRuA2FlbQIxMQBicmlkETJoM0VVQjFPNVlmUXFINjFKc3J0YwZhcHBfaWQBMAABHrZ4XdfO6A2W_OiMklvnN0RcQY5xniqR8iYd4res-Vf8odu1RyuLomGGP7U7_aem_MvzPzBAXADjECFgWWQSdYg"]}]}},"jetpack_sharing_enabled":true,"_links":{"self":[{"href":"https:\/\/toja.hr\/index.php\/wp-json\/wp\/v2\/pages\/45","targetHints":{"allow":["GET"]}}],"collection":[{"href":"https:\/\/toja.hr\/index.php\/wp-json\/wp\/v2\/pages"}],"about":[{"href":"https:\/\/toja.hr\/index.php\/wp-json\/wp\/v2\/types\/page"}],"author":[{"embeddable":true,"href":"https:\/\/toja.hr\/index.php\/wp-json\/wp\/v2\/users\/1"}],"replies":[{"embeddable":true,"href":"https:\/\/toja.hr\/index.php\/wp-json\/wp\/v2\/comments?post=45"}],"version-history":[{"count":4,"href":"https:\/\/toja.hr\/index.php\/wp-json\/wp\/v2\/pages\/45\/revisions"}],"predecessor-version":[{"id":175,"href":"https:\/\/toja.hr\/index.php\/wp-json\/wp\/v2\/pages\/45\/revisions\/175"}],"wp:attachment":[{"href":"https:\/\/toja.hr\/index.php\/wp-json\/wp\/v2\/media?parent=45"}],"curies":[{"name":"wp","href":"https:\/\/api.w.org\/{rel}","templated":true}]}}